{"id":8,"date":"2026-01-02T15:27:21","date_gmt":"2026-01-02T15:27:21","guid":{"rendered":"https:\/\/www.robin-rick.de\/?page_id=8"},"modified":"2026-01-02T15:57:55","modified_gmt":"2026-01-02T15:57:55","slug":"hochzeit-standesamt","status":"publish","type":"page","link":"https:\/\/www.robin-rick.de\/index.php\/hochzeit-standesamt\/","title":{"rendered":"Hochzeit-Standesamt"},"content":{"rendered":"\t\t<div data-elementor-type=\"wp-page\" data-elementor-id=\"8\" class=\"elementor elementor-8\" data-elementor-post-type=\"page\">\n\t\t\t\t<div class=\"elementor-element elementor-element-78011af e-con-full e-flex e-con e-parent\" data-id=\"78011af\" data-element_type=\"container\">\n\t\t\t\t<div class=\"elementor-element elementor-element-a6081cc elementor--h-position-center elementor--v-position-middle elementor-arrows-position-inside elementor-pagination-position-inside elementor-widget elementor-widget-slides\" data-id=\"a6081cc\" data-element_type=\"widget\" data-settings=\"{&quot;transition_speed&quot;:1000,&quot;navigation&quot;:&quot;both&quot;,&quot;autoplay&quot;:&quot;yes&quot;,&quot;pause_on_hover&quot;:&quot;yes&quot;,&quot;pause_on_interaction&quot;:&quot;yes&quot;,&quot;autoplay_speed&quot;:5000,&quot;infinite&quot;:&quot;yes&quot;,&quot;transition&quot;:&quot;slide&quot;}\" data-widget_type=\"slides.default\">\n\t\t\t\t\t\t\t\t\t\t<div class=\"elementor-slides-wrapper elementor-main-swiper swiper\" role=\"region\" aria-roledescription=\"carousel\" aria-label=\"Slider\" dir=\"ltr\" data-animation=\"\">\n\t\t\t\t<div class=\"swiper-wrapper elementor-slides\">\n\t\t\t\t\t\t\t\t\t\t<div class=\"elementor-repeater-item-ffc8dcf swiper-slide\" role=\"group\" aria-roledescription=\"slide\"><div class=\"swiper-slide-bg\" role=\"img\" aria-label=\"IMG_1671\"><\/div><div class=\"swiper-slide-inner\" ><div class=\"swiper-slide-contents\"><div class=\"elementor-slide-description\">Jacqueline<br\/>\n&nbsp;&nbsp;&nbsp;&nbsp;&nbsp;&nbsp;&nbsp;&nbsp;and<br\/>\n&nbsp;&nbsp;&nbsp;&nbsp;&nbsp;&nbsp;&nbsp;&nbsp;&nbsp;Robin<\/div><\/div><\/div><\/div>\t\t\t\t<\/div>\n\t\t\t\t\t\t\t<\/div>\n\t\t\t\t\t\t\t\t<\/div>\n\t\t\t\t<\/div>\n\t\t<div class=\"elementor-element elementor-element-e336e12 e-con-full e-flex e-con e-parent\" data-id=\"e336e12\" data-element_type=\"container\">\n\t\t\t\t<div class=\"elementor-element elementor-element-c644040 elementor-widget elementor-widget-text-editor\" data-id=\"c644040\" data-element_type=\"widget\" data-widget_type=\"text-editor.default\">\n\t\t\t\t\t\t\t\t\t<p>We invite you to<\/p>\t\t\t\t\t\t\t\t<\/div>\n\t\t\t\t<div class=\"elementor-element elementor-element-c1bca24 elementor-widget elementor-widget-text-editor\" data-id=\"c1bca24\" data-element_type=\"widget\" data-widget_type=\"text-editor.default\">\n\t\t\t\t\t\t\t\t\t<p>CELEBRATE OUR WEDDING<\/p>\t\t\t\t\t\t\t\t<\/div>\n\t\t\t\t<div class=\"elementor-element elementor-element-0c1f325 elementor-widget elementor-widget-image\" data-id=\"0c1f325\" data-element_type=\"widget\" data-widget_type=\"image.default\">\n\t\t\t\t\t\t\t\t\t\t\t\t\t\t\t<img fetchpriority=\"high\" decoding=\"async\" width=\"1024\" height=\"1024\" src=\"https:\/\/www.robin-rick.de\/wp-content\/uploads\/2026\/01\/standesamt-Datum-1024x1024.webp\" class=\"attachment-large size-large wp-image-55\" alt=\"\" srcset=\"https:\/\/www.robin-rick.de\/wp-content\/uploads\/2026\/01\/standesamt-Datum-1024x1024.webp 1024w, https:\/\/www.robin-rick.de\/wp-content\/uploads\/2026\/01\/standesamt-Datum-300x300.webp 300w, https:\/\/www.robin-rick.de\/wp-content\/uploads\/2026\/01\/standesamt-Datum-150x150.webp 150w, https:\/\/www.robin-rick.de\/wp-content\/uploads\/2026\/01\/standesamt-Datum-768x768.webp 768w, https:\/\/www.robin-rick.de\/wp-content\/uploads\/2026\/01\/standesamt-Datum.webp 1080w\" sizes=\"(max-width: 1024px) 100vw, 1024px\" \/>\t\t\t\t\t\t\t\t\t\t\t\t\t\t\t<\/div>\n\t\t\t\t<\/div>\n\t\t<div class=\"elementor-element elementor-element-665c0f1 e-flex e-con-boxed e-con e-parent\" data-id=\"665c0f1\" data-element_type=\"container\" data-settings=\"{&quot;background_background&quot;:&quot;classic&quot;}\">\n\t\t\t\t\t<div class=\"e-con-inner\">\n\t\t\t\t<div class=\"elementor-element elementor-element-df37053 elementor-widget elementor-widget-text-editor\" data-id=\"df37053\" data-element_type=\"widget\" data-widget_type=\"text-editor.default\">\n\t\t\t\t\t\t\t\t\t<p style=\"text-align: center;\">Wir freuen uns euch um <strong>13:30<\/strong> <strong>Uhr<\/strong> an der Trau-Location Klein Gl\u00fccklich:<\/p><p style=\"text-align: center;\"><strong>Am Breiten Teich 51 &#8211; 58<br \/>45711 Datteln<\/strong><\/p><p style=\"text-align: center;\">zu unserer Standesamtlichen Trauung einzuladen.<\/p>\t\t\t\t\t\t\t\t<\/div>\n\t\t\t\t\t<\/div>\n\t\t\t\t<\/div>\n\t\t<div class=\"elementor-element elementor-element-ab4eefb e-flex e-con-boxed e-con e-parent\" data-id=\"ab4eefb\" data-element_type=\"container\">\n\t\t\t\t\t<div class=\"e-con-inner\">\n\t\t\t\t<div class=\"elementor-element elementor-element-fdaa581 elementor-widget elementor-widget-google_maps\" data-id=\"fdaa581\" data-element_type=\"widget\" data-widget_type=\"google_maps.default\">\n\t\t\t\t\t\t\t<div class=\"elementor-custom-embed\">\n\t\t\t<iframe loading=\"lazy\"\n\t\t\t\t\tsrc=\"https:\/\/maps.google.com\/maps?q=klein%20gl%C3%BCcklich%20Trau-Location&#038;t=m&#038;z=13&#038;output=embed&#038;iwloc=near\"\n\t\t\t\t\ttitle=\"klein gl\u00fccklich Trau-Location\"\n\t\t\t\t\taria-label=\"klein gl\u00fccklich Trau-Location\"\n\t\t\t><\/iframe>\n\t\t<\/div>\n\t\t\t\t\t\t<\/div>\n\t\t\t\t\t<\/div>\n\t\t\t\t<\/div>\n\t\t<div class=\"elementor-element elementor-element-5578879 e-flex e-con-boxed e-con e-parent\" data-id=\"5578879\" data-element_type=\"container\">\n\t\t\t\t\t<div class=\"e-con-inner\">\n\t\t\t\t<div class=\"elementor-element elementor-element-bda9ecd elementor-widget elementor-widget-text-editor\" data-id=\"bda9ecd\" data-element_type=\"widget\" data-widget_type=\"text-editor.default\">\n\t\t\t\t\t\t\t\t\t<p style=\"text-align: center;\">The Details<\/p>\t\t\t\t\t\t\t\t<\/div>\n\t\t\t\t<div class=\"elementor-element elementor-element-769ea29 elementor-widget elementor-widget-text-editor\" data-id=\"769ea29\" data-element_type=\"widget\" data-widget_type=\"text-editor.default\">\n\t\t\t\t\t\t\t\t\t<p style=\"text-align: center;\">Wir w\u00fcrden uns freuen, euch im Dresscode <b>Cocktail<\/b> und in folgenden Farbt\u00f6nen zu begr\u00fc\u00dfen:<\/p>\t\t\t\t\t\t\t\t<\/div>\n\t\t\t\t<div class=\"elementor-element elementor-element-89015a3 elementor-widget elementor-widget-image\" data-id=\"89015a3\" data-element_type=\"widget\" data-widget_type=\"image.default\">\n\t\t\t\t\t\t\t\t\t\t\t\t\t\t\t<img decoding=\"async\" width=\"1024\" height=\"566\" src=\"https:\/\/www.robin-rick.de\/wp-content\/uploads\/2026\/01\/desscode-farben-1024x566.jpg\" class=\"attachment-large size-large wp-image-78\" alt=\"\" srcset=\"https:\/\/www.robin-rick.de\/wp-content\/uploads\/2026\/01\/desscode-farben-1024x566.jpg 1024w, https:\/\/www.robin-rick.de\/wp-content\/uploads\/2026\/01\/desscode-farben-300x166.jpg 300w, https:\/\/www.robin-rick.de\/wp-content\/uploads\/2026\/01\/desscode-farben-768x425.jpg 768w, https:\/\/www.robin-rick.de\/wp-content\/uploads\/2026\/01\/desscode-farben-1536x849.jpg 1536w, https:\/\/www.robin-rick.de\/wp-content\/uploads\/2026\/01\/desscode-farben.jpg 1800w\" sizes=\"(max-width: 1024px) 100vw, 1024px\" \/>\t\t\t\t\t\t\t\t\t\t\t\t\t\t\t<\/div>\n\t\t\t\t<div class=\"elementor-element elementor-element-f92a369 elementor-widget elementor-widget-text-editor\" data-id=\"f92a369\" data-element_type=\"widget\" data-widget_type=\"text-editor.default\">\n\t\t\t\t\t\t\t\t\t<p style=\"text-align: center;\">Der Boden der Location besteht haupts\u00e4chlich aus Kieselboden oder Wiese. Achtet daher auf <b>geeignetes Schuhwerk<\/b>.<\/p><p style=\"text-align: center;\">Wir w\u00fcnschen uns an unserem Hochzeitstag eine ausgelassene entspannte Feier mit euch und m\u00f6chten euch darum bitten auf <b>Gastbeitr\u00e4ge<\/b> wie Spiele, Reden o.\u00e4. zu verzichten.<\/p><p style=\"text-align: center;\"><b>Mit euch zu feiern ist f\u00fcr uns das gr\u00f6\u00dfte Geschenk!<\/b> Wenn ihr uns jedoch etwas schenken m\u00f6chtet, freuen wir uns, wenn Ihr unsere Flitterwochen mit einem kleinen Beitrag unterst\u00fctzt.<\/p>\t\t\t\t\t\t\t\t<\/div>\n\t\t\t\t\t<\/div>\n\t\t\t\t<\/div>\n\t\t<div class=\"elementor-element elementor-element-bea8655 e-flex e-con-boxed e-con e-parent\" data-id=\"bea8655\" data-element_type=\"container\" data-settings=\"{&quot;background_background&quot;:&quot;classic&quot;}\">\n\t\t\t\t\t<div class=\"e-con-inner\">\n\t\t\t\t<div class=\"elementor-element elementor-element-e0a4f0c elementor-widget elementor-widget-text-editor\" data-id=\"e0a4f0c\" data-element_type=\"widget\" data-widget_type=\"text-editor.default\">\n\t\t\t\t\t\t\t\t\t<p style=\"text-align: center;\">Timeline<\/p>\t\t\t\t\t\t\t\t<\/div>\n\t\t\t\t<div class=\"elementor-element elementor-element-1f1ee08 elementor-widget elementor-widget-image\" data-id=\"1f1ee08\" data-element_type=\"widget\" data-widget_type=\"image.default\">\n\t\t\t\t\t\t\t\t\t\t\t\t\t\t\t<img decoding=\"async\" width=\"883\" height=\"1024\" src=\"https:\/\/www.robin-rick.de\/wp-content\/uploads\/2026\/01\/timeline-standesamt-883x1024.webp\" class=\"attachment-large size-large wp-image-125\" alt=\"\" srcset=\"https:\/\/www.robin-rick.de\/wp-content\/uploads\/2026\/01\/timeline-standesamt-883x1024.webp 883w, https:\/\/www.robin-rick.de\/wp-content\/uploads\/2026\/01\/timeline-standesamt-259x300.webp 259w, https:\/\/www.robin-rick.de\/wp-content\/uploads\/2026\/01\/timeline-standesamt-768x891.webp 768w, https:\/\/www.robin-rick.de\/wp-content\/uploads\/2026\/01\/timeline-standesamt-1324x1536.webp 1324w, https:\/\/www.robin-rick.de\/wp-content\/uploads\/2026\/01\/timeline-standesamt-1765x2048.webp 1765w, https:\/\/www.robin-rick.de\/wp-content\/uploads\/2026\/01\/timeline-standesamt.webp 1815w\" sizes=\"(max-width: 883px) 100vw, 883px\" \/>\t\t\t\t\t\t\t\t\t\t\t\t\t\t\t<\/div>\n\t\t\t\t\t<\/div>\n\t\t\t\t<\/div>\n\t\t<div class=\"elementor-element elementor-element-7d9a0b6 e-flex e-con-boxed e-con e-parent\" data-id=\"7d9a0b6\" data-element_type=\"container\">\n\t\t\t\t\t<div class=\"e-con-inner\">\n\t\t\t\t<div class=\"elementor-element elementor-element-41c1d66 elementor-widget elementor-widget-text-editor\" data-id=\"41c1d66\" data-element_type=\"widget\" data-widget_type=\"text-editor.default\">\n\t\t\t\t\t\t\t\t\t<p style=\"text-align: left;\">kindly<\/p>\t\t\t\t\t\t\t\t<\/div>\n\t\t\t\t<div class=\"elementor-element elementor-element-0edfa2b elementor-widget elementor-widget-text-editor\" data-id=\"0edfa2b\" data-element_type=\"widget\" data-widget_type=\"text-editor.default\">\n\t\t\t\t\t\t\t\t\t<p>RSVP<\/p>\n<p><\/p>\t\t\t\t\t\t\t\t<\/div>\n\t\t\t\t<div class=\"elementor-element elementor-element-8c3717e elementor-widget elementor-widget-text-editor\" data-id=\"8c3717e\" data-element_type=\"widget\" data-widget_type=\"text-editor.default\">\n\t\t\t\t\t\t\t\t\t<p>Bitte gebt uns bis Ende April eine R\u00fcckmeldung.<\/p>\t\t\t\t\t\t\t\t<\/div>\n\t\t\t\t<div class=\"elementor-element elementor-element-cae17c6 elementor-button-align-stretch elementor-widget elementor-widget-form\" data-id=\"cae17c6\" data-element_type=\"widget\" data-settings=\"{&quot;step_next_label&quot;:&quot;N\\u00e4chster&quot;,&quot;step_previous_label&quot;:&quot;Voriger&quot;,&quot;button_width&quot;:&quot;100&quot;,&quot;step_type&quot;:&quot;number_text&quot;,&quot;step_icon_shape&quot;:&quot;circle&quot;}\" data-widget_type=\"form.default\">\n\t\t\t\t\t\t\t<form class=\"elementor-form\" method=\"post\" name=\"Neues Formular\" aria-label=\"Neues Formular\">\n\t\t\t<input type=\"hidden\" name=\"post_id\" value=\"8\"\/>\n\t\t\t<input type=\"hidden\" name=\"form_id\" value=\"cae17c6\"\/>\n\t\t\t<input type=\"hidden\" name=\"referer_title\" value=\"Hochzeit-Standesamt - Robin Rick Music\" \/>\n\n\t\t\t\t\t\t\t<input type=\"hidden\" name=\"queried_id\" value=\"8\"\/>\n\t\t\t\n\t\t\t<div class=\"elementor-form-fields-wrapper elementor-labels-above\">\n\t\t\t\t\t\t\t\t<div class=\"elementor-field-type-text elementor-field-group elementor-column elementor-field-group-name elementor-col-100 elementor-field-required elementor-mark-required\">\n\t\t\t\t\t\t\t\t\t\t\t\t\t<input size=\"1\" type=\"text\" name=\"form_fields[name]\" id=\"form-field-name\" class=\"elementor-field elementor-size-md  elementor-field-textual\" placeholder=\"Name\" required=\"required\">\n\t\t\t\t\t\t\t\t\t\t\t<\/div>\n\t\t\t\t\t\t\t\t<div class=\"elementor-field-type-text\">\n\t\t\t\t\t<input size=\"1\" type=\"text\" name=\"form_fields[field_05345af]\" id=\"form-field-field_05345af\" class=\"elementor-field elementor-size-md \" style=\"display:none !important;\">\t\t\t\t<\/div>\n\t\t\t\t\t\t\t\t<div class=\"elementor-field-type-radio elementor-field-group elementor-column elementor-field-group-field_2262708 elementor-col-100 elementor-field-required elementor-mark-required\">\n\t\t\t\t\t<div class=\"elementor-field-subgroup  \"><span class=\"elementor-field-option\"><input type=\"radio\" value=\"Ja! Das verpasse ich nicht!\" id=\"form-field-field_2262708-0\" name=\"form_fields[field_2262708]\" required=\"required\"> <label for=\"form-field-field_2262708-0\">Ja! Das verpasse ich nicht!<\/label><\/span><span class=\"elementor-field-option\"><input type=\"radio\" value=\"Nein. Tut mit Leid, dass ich es verpasse!\" id=\"form-field-field_2262708-1\" name=\"form_fields[field_2262708]\" required=\"required\"> <label for=\"form-field-field_2262708-1\">Nein. Tut mit Leid, dass ich es verpasse!<\/label><\/span><\/div>\t\t\t\t<\/div>\n\t\t\t\t\t\t\t\t<div class=\"elementor-field-type-number elementor-field-group elementor-column elementor-field-group-field_3670392 elementor-col-100\">\n\t\t\t\t\t\t\t\t\t\t\t\t<label for=\"form-field-field_3670392\" class=\"elementor-field-label\">\n\t\t\t\t\t\t\t\tPersonenzahl\t\t\t\t\t\t\t<\/label>\n\t\t\t\t\t\t\t\t\t<input type=\"number\" name=\"form_fields[field_3670392]\" id=\"form-field-field_3670392\" class=\"elementor-field elementor-size-md  elementor-field-textual\" placeholder=\"Personenzahl\" value=\"1\" min=\"1\" max=\"3\" >\n\t\t\t\t\t\t<\/div>\n\t\t\t\t\t\t\t\t<div class=\"elementor-field-group elementor-column elementor-field-type-submit elementor-col-100 e-form__buttons\">\n\t\t\t\t\t<button class=\"elementor-button elementor-size-sm\" type=\"submit\">\n\t\t\t\t\t\t<span class=\"elementor-button-content-wrapper\">\n\t\t\t\t\t\t\t\t\t\t\t\t\t\t\t\t\t\t\t\t\t\t<span class=\"elementor-button-text\">Senden<\/span>\n\t\t\t\t\t\t\t\t\t\t\t\t\t<\/span>\n\t\t\t\t\t<\/button>\n\t\t\t\t<\/div>\n\t\t\t<\/div>\n\t\t<\/form>\n\t\t\t\t\t\t<\/div>\n\t\t\t\t\t<\/div>\n\t\t\t\t<\/div>\n\t\t<div class=\"elementor-element elementor-element-deef6ae e-flex e-con-boxed e-con e-parent\" data-id=\"deef6ae\" data-element_type=\"container\">\n\t\t\t\t\t<div class=\"e-con-inner\">\n\t\t\t\t<div class=\"elementor-element elementor-element-4490d3e elementor-widget elementor-widget-text-editor\" data-id=\"4490d3e\" data-element_type=\"widget\" data-widget_type=\"text-editor.default\">\n\t\t\t\t\t\t\t\t\t<p style=\"text-align: center;\">Kontakt<\/p>\t\t\t\t\t\t\t\t<\/div>\n\t\t\t\t<div class=\"elementor-element elementor-element-d1a09ca elementor-widget elementor-widget-text-editor\" data-id=\"d1a09ca\" data-element_type=\"widget\" data-widget_type=\"text-editor.default\">\n\t\t\t\t\t\t\t\t\t<p style=\"text-align: center;\">F\u00fcr Fragen steht euch Katha zur Verf\u00fcgung:<\/p><p style=\"text-align: center;\">Katharina Zoschke<br \/>Tel.: 01783202251<\/p>\t\t\t\t\t\t\t\t<\/div>\n\t\t\t\t\t<\/div>\n\t\t\t\t<\/div>\n\t\t<div class=\"elementor-element elementor-element-42784a9 e-flex e-con-boxed e-con e-parent\" data-id=\"42784a9\" data-element_type=\"container\">\n\t\t\t\t\t<div class=\"e-con-inner\">\n\t\t\t\t<div class=\"elementor-element elementor-element-0c59f30 elementor-widget elementor-widget-text-editor\" data-id=\"0c59f30\" data-element_type=\"widget\" data-widget_type=\"text-editor.default\">\n\t\t\t\t\t\t\t\t\t<p style=\"text-align: center;\">Thank you!<\/p>\t\t\t\t\t\t\t\t<\/div>\n\t\t\t\t<div class=\"elementor-element elementor-element-b1be393 elementor-widget elementor-widget-text-editor\" data-id=\"b1be393\" data-element_type=\"widget\" data-widget_type=\"text-editor.default\">\n\t\t\t\t\t\t\t\t\t<p style=\"text-align: center;\">Robin und Jacqueline<\/p>\t\t\t\t\t\t\t\t<\/div>\n\t\t\t\t\t<\/div>\n\t\t\t\t<\/div>\n\t\t\t\t<\/div>\n\t\t","protected":false},"excerpt":{"rendered":"<p>Jacqueline &nbsp;&nbsp;&nbsp;&nbsp;&nbsp;&nbsp;&nbsp;&nbsp;and &nbsp;&nbsp;&nbsp;&nbsp;&nbsp;&nbsp;&nbsp;&nbsp;&nbsp;Robin We invite you to CELEBRATE OUR WEDDING Wir freuen uns euch um 13:30 Uhr an der Trau-Location Klein Gl\u00fccklich: Am Breiten Teich 51 &#8211; 5845711 Datteln zu unserer Standesamtlichen Trauung einzuladen. The Details Wir w\u00fcrden uns freuen, euch im Dresscode Cocktail und in folgenden Farbt\u00f6nen zu begr\u00fc\u00dfen: Der Boden der Location besteht [&hellip;]<\/p>\n","protected":false},"author":1,"featured_media":0,"parent":0,"menu_order":0,"comment_status":"closed","ping_status":"closed","template":"elementor_canvas","meta":{"footnotes":""},"class_list":["post-8","page","type-page","status-publish","hentry"],"yoast_head":"<!-- This site is optimized with the Yoast SEO plugin v26.6 - https:\/\/yoast.com\/wordpress\/plugins\/seo\/ -->\n<title>Hochzeit-Standesamt - Robin Rick Music<\/title>\n<meta name=\"robots\" content=\"noindex, nofollow\" \/>\n<meta property=\"og:locale\" content=\"de_DE\" \/>\n<meta property=\"og:type\" content=\"article\" \/>\n<meta property=\"og:title\" content=\"Hochzeit-Standesamt - Robin Rick Music\" \/>\n<meta property=\"og:description\" content=\"Jacqueline &nbsp;&nbsp;&nbsp;&nbsp;&nbsp;&nbsp;&nbsp;&nbsp;and &nbsp;&nbsp;&nbsp;&nbsp;&nbsp;&nbsp;&nbsp;&nbsp;&nbsp;Robin We invite you to CELEBRATE OUR WEDDING Wir freuen uns euch um 13:30 Uhr an der Trau-Location Klein Gl\u00fccklich: Am Breiten Teich 51 &#8211; 5845711 Datteln zu unserer Standesamtlichen Trauung einzuladen. The Details Wir w\u00fcrden uns freuen, euch im Dresscode Cocktail und in folgenden Farbt\u00f6nen zu begr\u00fc\u00dfen: Der Boden der Location besteht [&hellip;]\" \/>\n<meta property=\"og:url\" content=\"https:\/\/www.robin-rick.de\/index.php\/hochzeit-standesamt\/\" \/>\n<meta property=\"og:site_name\" content=\"Robin Rick Music\" \/>\n<meta property=\"article:modified_time\" content=\"2026-01-02T15:57:55+00:00\" \/>\n<meta property=\"og:image\" content=\"https:\/\/www.robin-rick.de\/wp-content\/uploads\/2026\/01\/standesamt-Datum.webp\" \/>\n\t<meta property=\"og:image:width\" content=\"1080\" \/>\n\t<meta property=\"og:image:height\" content=\"1080\" \/>\n\t<meta property=\"og:image:type\" content=\"image\/webp\" \/>\n<meta name=\"twitter:card\" content=\"summary_large_image\" \/>\n<meta name=\"twitter:label1\" content=\"Gesch\u00e4tzte Lesezeit\" \/>\n\t<meta name=\"twitter:data1\" content=\"1\u00a0Minute\" \/>\n<script type=\"application\/ld+json\" class=\"yoast-schema-graph\">{\"@context\":\"https:\/\/schema.org\",\"@graph\":[{\"@type\":\"WebPage\",\"@id\":\"https:\/\/www.robin-rick.de\/index.php\/hochzeit-standesamt\/\",\"url\":\"https:\/\/www.robin-rick.de\/index.php\/hochzeit-standesamt\/\",\"name\":\"Hochzeit-Standesamt - Robin Rick Music\",\"isPartOf\":{\"@id\":\"https:\/\/www.robin-rick.de\/#website\"},\"primaryImageOfPage\":{\"@id\":\"https:\/\/www.robin-rick.de\/index.php\/hochzeit-standesamt\/#primaryimage\"},\"image\":{\"@id\":\"https:\/\/www.robin-rick.de\/index.php\/hochzeit-standesamt\/#primaryimage\"},\"thumbnailUrl\":\"https:\/\/www.robin-rick.de\/wp-content\/uploads\/2026\/01\/standesamt-Datum-1024x1024.webp\",\"datePublished\":\"2026-01-02T15:27:21+00:00\",\"dateModified\":\"2026-01-02T15:57:55+00:00\",\"breadcrumb\":{\"@id\":\"https:\/\/www.robin-rick.de\/index.php\/hochzeit-standesamt\/#breadcrumb\"},\"inLanguage\":\"de\",\"potentialAction\":[{\"@type\":\"ReadAction\",\"target\":[\"https:\/\/www.robin-rick.de\/index.php\/hochzeit-standesamt\/\"]}]},{\"@type\":\"ImageObject\",\"inLanguage\":\"de\",\"@id\":\"https:\/\/www.robin-rick.de\/index.php\/hochzeit-standesamt\/#primaryimage\",\"url\":\"https:\/\/www.robin-rick.de\/wp-content\/uploads\/2026\/01\/standesamt-Datum.webp\",\"contentUrl\":\"https:\/\/www.robin-rick.de\/wp-content\/uploads\/2026\/01\/standesamt-Datum.webp\",\"width\":1080,\"height\":1080},{\"@type\":\"BreadcrumbList\",\"@id\":\"https:\/\/www.robin-rick.de\/index.php\/hochzeit-standesamt\/#breadcrumb\",\"itemListElement\":[{\"@type\":\"ListItem\",\"position\":1,\"name\":\"Start\",\"item\":\"https:\/\/www.robin-rick.de\/\"},{\"@type\":\"ListItem\",\"position\":2,\"name\":\"Hochzeit-Standesamt\"}]},{\"@type\":\"WebSite\",\"@id\":\"https:\/\/www.robin-rick.de\/#website\",\"url\":\"https:\/\/www.robin-rick.de\/\",\"name\":\"Robin Rick Music\",\"description\":\"\",\"potentialAction\":[{\"@type\":\"SearchAction\",\"target\":{\"@type\":\"EntryPoint\",\"urlTemplate\":\"https:\/\/www.robin-rick.de\/?s={search_term_string}\"},\"query-input\":{\"@type\":\"PropertyValueSpecification\",\"valueRequired\":true,\"valueName\":\"search_term_string\"}}],\"inLanguage\":\"de\"}]}<\/script>\n<!-- \/ Yoast SEO plugin. -->","yoast_head_json":{"title":"Hochzeit-Standesamt - Robin Rick Music","robots":{"index":"noindex","follow":"nofollow"},"og_locale":"de_DE","og_type":"article","og_title":"Hochzeit-Standesamt - Robin Rick Music","og_description":"Jacqueline &nbsp;&nbsp;&nbsp;&nbsp;&nbsp;&nbsp;&nbsp;&nbsp;and &nbsp;&nbsp;&nbsp;&nbsp;&nbsp;&nbsp;&nbsp;&nbsp;&nbsp;Robin We invite you to CELEBRATE OUR WEDDING Wir freuen uns euch um 13:30 Uhr an der Trau-Location Klein Gl\u00fccklich: Am Breiten Teich 51 &#8211; 5845711 Datteln zu unserer Standesamtlichen Trauung einzuladen. The Details Wir w\u00fcrden uns freuen, euch im Dresscode Cocktail und in folgenden Farbt\u00f6nen zu begr\u00fc\u00dfen: Der Boden der Location besteht [&hellip;]","og_url":"https:\/\/www.robin-rick.de\/index.php\/hochzeit-standesamt\/","og_site_name":"Robin Rick Music","article_modified_time":"2026-01-02T15:57:55+00:00","og_image":[{"width":1080,"height":1080,"url":"https:\/\/www.robin-rick.de\/wp-content\/uploads\/2026\/01\/standesamt-Datum.webp","type":"image\/webp"}],"twitter_card":"summary_large_image","twitter_misc":{"Gesch\u00e4tzte Lesezeit":"1\u00a0Minute"},"schema":{"@context":"https:\/\/schema.org","@graph":[{"@type":"WebPage","@id":"https:\/\/www.robin-rick.de\/index.php\/hochzeit-standesamt\/","url":"https:\/\/www.robin-rick.de\/index.php\/hochzeit-standesamt\/","name":"Hochzeit-Standesamt - Robin Rick Music","isPartOf":{"@id":"https:\/\/www.robin-rick.de\/#website"},"primaryImageOfPage":{"@id":"https:\/\/www.robin-rick.de\/index.php\/hochzeit-standesamt\/#primaryimage"},"image":{"@id":"https:\/\/www.robin-rick.de\/index.php\/hochzeit-standesamt\/#primaryimage"},"thumbnailUrl":"https:\/\/www.robin-rick.de\/wp-content\/uploads\/2026\/01\/standesamt-Datum-1024x1024.webp","datePublished":"2026-01-02T15:27:21+00:00","dateModified":"2026-01-02T15:57:55+00:00","breadcrumb":{"@id":"https:\/\/www.robin-rick.de\/index.php\/hochzeit-standesamt\/#breadcrumb"},"inLanguage":"de","potentialAction":[{"@type":"ReadAction","target":["https:\/\/www.robin-rick.de\/index.php\/hochzeit-standesamt\/"]}]},{"@type":"ImageObject","inLanguage":"de","@id":"https:\/\/www.robin-rick.de\/index.php\/hochzeit-standesamt\/#primaryimage","url":"https:\/\/www.robin-rick.de\/wp-content\/uploads\/2026\/01\/standesamt-Datum.webp","contentUrl":"https:\/\/www.robin-rick.de\/wp-content\/uploads\/2026\/01\/standesamt-Datum.webp","width":1080,"height":1080},{"@type":"BreadcrumbList","@id":"https:\/\/www.robin-rick.de\/index.php\/hochzeit-standesamt\/#breadcrumb","itemListElement":[{"@type":"ListItem","position":1,"name":"Start","item":"https:\/\/www.robin-rick.de\/"},{"@type":"ListItem","position":2,"name":"Hochzeit-Standesamt"}]},{"@type":"WebSite","@id":"https:\/\/www.robin-rick.de\/#website","url":"https:\/\/www.robin-rick.de\/","name":"Robin Rick Music","description":"","potentialAction":[{"@type":"SearchAction","target":{"@type":"EntryPoint","urlTemplate":"https:\/\/www.robin-rick.de\/?s={search_term_string}"},"query-input":{"@type":"PropertyValueSpecification","valueRequired":true,"valueName":"search_term_string"}}],"inLanguage":"de"}]}},"_links":{"self":[{"href":"https:\/\/www.robin-rick.de\/index.php\/wp-json\/wp\/v2\/pages\/8","targetHints":{"allow":["GET"]}}],"collection":[{"href":"https:\/\/www.robin-rick.de\/index.php\/wp-json\/wp\/v2\/pages"}],"about":[{"href":"https:\/\/www.robin-rick.de\/index.php\/wp-json\/wp\/v2\/types\/page"}],"author":[{"embeddable":true,"href":"https:\/\/www.robin-rick.de\/index.php\/wp-json\/wp\/v2\/users\/1"}],"replies":[{"embeddable":true,"href":"https:\/\/www.robin-rick.de\/index.php\/wp-json\/wp\/v2\/comments?post=8"}],"version-history":[{"count":86,"href":"https:\/\/www.robin-rick.de\/index.php\/wp-json\/wp\/v2\/pages\/8\/revisions"}],"predecessor-version":[{"id":197,"href":"https:\/\/www.robin-rick.de\/index.php\/wp-json\/wp\/v2\/pages\/8\/revisions\/197"}],"wp:attachment":[{"href":"https:\/\/www.robin-rick.de\/index.php\/wp-json\/wp\/v2\/media?parent=8"}],"curies":[{"name":"wp","href":"https:\/\/api.w.org\/{rel}","templated":true}]}}